{"id":4327,"date":"2023-04-27T06:50:46","date_gmt":"2023-04-27T06:50:46","guid":{"rendered":"https:\/\/niela.ee\/?page_id=4327"},"modified":"2023-04-27T06:50:46","modified_gmt":"2023-04-27T06:50:46","slug":"kontakt","status":"publish","type":"page","link":"https:\/\/niela.ee\/?page_id=4327","title":{"rendered":"Kontakt"},"content":{"rendered":"\n<p>K\u00f5iki tooteid me pole j\u00f5udnud siia veel \u00fclesse panna. K\u00fcsi meilt otse.<\/p>\n\n\n\n<p>Meie pood asub Karja 18, Haapsalus<br>Tel 5647 5670<br>info(at)niela.ee<\/p>\n\n\n\n<h2>Siit saat alla laadida meie logo<\/h2>\n\n\n\n<div class=\"wp-block-file\"><object class=\"wp-block-file__embed\" data=\"https:\/\/niela.ee\/wp-content\/uploads\/2023\/04\/Niela-logo-must.pdf\" type=\"application\/pdf\" style=\"width:100%;height:600px\" aria-label=\"Embed of Niela-logo-must.\"><\/object><a id=\"wp-block-file--media-93cac7aa-0f4b-453c-8053-e1babfa1745f\" href=\"https:\/\/niela.ee\/wp-content\/uploads\/2023\/04\/Niela-logo-must.pdf\">Niela-logo-must<\/a><a href=\"https:\/\/niela.ee\/wp-content\/uploads\/2023\/04\/Niela-logo-must.pdf\" class=\"wp-block-file__button\" download aria-describedby=\"wp-block-file--media-93cac7aa-0f4b-453c-8053-e1babfa1745f\">Download<\/a><\/div>\n\n\n\n<div class=\"wp-block-file\"><object class=\"wp-block-file__embed\" data=\"https:\/\/niela.ee\/wp-content\/uploads\/2023\/04\/Niela-logo-valge.pdf\" type=\"application\/pdf\" style=\"width:100%;height:600px\" aria-label=\"Embed of Niela-logo-valge.\"><\/object><a id=\"wp-block-file--media-c50d6ee1-8372-41ce-86dd-5e6b73c20e4a\" href=\"https:\/\/niela.ee\/wp-content\/uploads\/2023\/04\/Niela-logo-valge.pdf\">Niela-logo-valge<\/a><a href=\"https:\/\/niela.ee\/wp-content\/uploads\/2023\/04\/Niela-logo-valge.pdf\" class=\"wp-block-file__button\" download aria-describedby=\"wp-block-file--media-c50d6ee1-8372-41ce-86dd-5e6b73c20e4a\">Download<\/a><\/div>\n","protected":false},"excerpt":{"rendered":"<p>K\u00f5iki tooteid me pole j\u00f5udnud siia veel \u00fclesse panna. K\u00fcsi meilt otse. Meie pood asub Karja 18, HaapsalusTel 5647 5670info(at)niela.ee Siit saat alla laadida meie logo<\/p>\n","protected":false},"author":2,"featured_media":0,"parent":0,"menu_order":0,"comment_status":"closed","ping_status":"closed","template":"","meta":{"site-sidebar-layout":"default","site-content-layout":"","ast-site-content-layout":"default","site-content-style":"default","site-sidebar-style":"default","ast-global-header-display":"","ast-banner-title-visibility":"","ast-main-header-display":"","ast-hfb-above-header-display":"","ast-hfb-below-header-display":"","ast-hfb-mobile-header-display":"","site-post-title":"","ast-breadcrumbs-content":"","ast-featured-img":"","footer-sml-layout":"","ast-disable-related-posts":"","theme-transparent-header-meta":"","adv-header-id-meta":"","stick-header-meta":"","header-above-stick-meta":"","header-main-stick-meta":"","header-below-stick-meta":"","astra-migrate-meta-layouts":"default","ast-page-background-enabled":"default","ast-page-background-meta":{"desktop":{"background-color":"","background-image":"","background-repeat":"repeat","background-position":"center center","background-size":"auto","background-attachment":"scroll","background-type":"","background-media":"","overlay-type":"","overlay-color":"","overlay-opacity":"","overlay-gradient":""},"tablet":{"background-color":"","background-image":"","background-repeat":"repeat","background-position":"center center","background-size":"auto","background-attachment":"scroll","background-type":"","background-media":"","overlay-type":"","overlay-color":"","overlay-opacity":"","overlay-gradient":""},"mobile":{"background-color":"","background-image":"","background-repeat":"repeat","background-position":"center center","background-size":"auto","background-attachment":"scroll","background-type":"","background-media":"","overlay-type":"","overlay-color":"","overlay-opacity":"","overlay-gradient":""}},"ast-content-background-meta":{"desktop":{"background-color":"var(--ast-global-color-5)","background-image":"","background-repeat":"repeat","background-position":"center center","background-size":"auto","background-attachment":"scroll","background-type":"","background-media":"","overlay-type":"","overlay-color":"","overlay-opacity":"","overlay-gradient":""},"tablet":{"background-color":"var(--ast-global-color-5)","background-image":"","background-repeat":"repeat","background-position":"center center","background-size":"auto","background-attachment":"scroll","background-type":"","background-media":"","overlay-type":"","overlay-color":"","overlay-opacity":"","overlay-gradient":""},"mobile":{"background-color":"var(--ast-global-color-5)","background-image":"","background-repeat":"repeat","background-position":"center center","background-size":"auto","background-attachment":"scroll","background-type":"","background-media":"","overlay-type":"","overlay-color":"","overlay-opacity":"","overlay-gradient":""}}},"_links":{"self":[{"href":"https:\/\/niela.ee\/index.php?rest_route=\/wp\/v2\/pages\/4327"}],"collection":[{"href":"https:\/\/niela.ee\/index.php?rest_route=\/wp\/v2\/pages"}],"about":[{"href":"https:\/\/niela.ee\/index.php?rest_route=\/wp\/v2\/types\/page"}],"author":[{"embeddable":true,"href":"https:\/\/niela.ee\/index.php?rest_route=\/wp\/v2\/users\/2"}],"replies":[{"embeddable":true,"href":"https:\/\/niela.ee\/index.php?rest_route=%2Fwp%2Fv2%2Fcomments&post=4327"}],"version-history":[{"count":1,"href":"https:\/\/niela.ee\/index.php?rest_route=\/wp\/v2\/pages\/4327\/revisions"}],"predecessor-version":[{"id":4330,"href":"https:\/\/niela.ee\/index.php?rest_route=\/wp\/v2\/pages\/4327\/revisions\/4330"}],"wp:attachment":[{"href":"https:\/\/niela.ee\/index.php?rest_route=%2Fwp%2Fv2%2Fmedia&parent=4327"}],"curies":[{"name":"wp","href":"https:\/\/api.w.org\/{rel}","templated":true}]}}